{"id":1152,"date":"2024-11-06T13:20:45","date_gmt":"2024-11-06T13:20:45","guid":{"rendered":"https:\/\/eixerim.com\/acerca-de-mi\/"},"modified":"2025-05-23T23:44:06","modified_gmt":"2025-05-23T23:44:06","slug":"acerca-de-mi","status":"publish","type":"page","link":"https:\/\/eixerim.com\/es\/acerca-de-mi\/","title":{"rendered":"Acerca de m\u00ed"},"content":{"rendered":"<p>[et_pb_section fb_built=\u00bb1&#8243; next_background_color=\u00bbrgba(61,35,224,0.36)\u00bb _builder_version=\u00bb4.27.2&#8243; use_background_color_gradient=\u00bbon\u00bb background_color_gradient_type=\u00bbcircular\u00bb background_color_gradient_direction_radial=\u00bbtop left\u00bb background_color_gradient_stops=\u00bbrgba(255,227,208,0.7) 50%|rgba(255,227,208,0.3) 100%\u00bb background_color_gradient_overlays_image=\u00bbon\u00bb background_color_gradient_start=\u00bbrgba(255,227,208,0.7)\u00bb background_color_gradient_start_position=\u00bb50%\u00bb background_color_gradient_end=\u00bbrgba(255,227,208,0.3)\u00bb background_image=\u00bbhttps:\/\/eixerim.com\/wp-content\/uploads\/2024\/11\/alexander-grey-62vi3TG5EDg-unsplash-scaled.jpg\u00bb min_height=\u00bb395.2px\u00bb custom_margin=\u00bb||-122px||false|\u00bb custom_padding=\u00bb14vw||4vw||false|false\u00bb bottom_divider_style=\u00bbcurve\u00bb bottom_divider_height=\u00bb2.5vw\u00bb global_colors_info=\u00bb{}\u00bb][et_pb_row _builder_version=\u00bb4.16&#8243; animation_style=\u00bbfade\u00bb global_colors_info=\u00bb{}\u00bb][et_pb_column type=\u00bb4_4&#8243; _builder_version=\u00bb4.16&#8243; custom_padding=\u00bb|||\u00bb global_colors_info=\u00bb{}\u00bb custom_padding__hover=\u00bb|||\u00bb][et_pb_text _builder_version=\u00bb4.27.4&#8243; text_font=\u00bb||||||||\u00bb text_font_size=\u00bb18px\u00bb text_line_height=\u00bb2em\u00bb header_font=\u00bbMontserrat|300|||||||\u00bb header_font_size=\u00bb50px\u00bb header_line_height=\u00bb1.4em\u00bb text_orientation=\u00bbcenter\u00bb max_width=\u00bb700px\u00bb module_alignment=\u00bbcenter\u00bb custom_padding=\u00bb||0px|||\u00bb header_font_size_tablet=\u00bb40px\u00bb header_font_size_phone=\u00bb32px\u00bb header_font_size_last_edited=\u00bbon|desktop\u00bb text_text_shadow_style=\u00bbpreset2&#8243; global_colors_info=\u00bb{}\u00bb]<\/p>\n<h1>Acerca de m\u00ed<\/h1>\n<p>&nbsp;<\/p>\n<p>[\/et_pb_text][\/et_pb_column][\/et_pb_row][\/et_pb_section][et_pb_section fb_built=\u00bb1&#8243; admin_label=\u00bbMy Experience\u00bb _builder_version=\u00bb4.27.4&#8243; background_color=\u00bbrgba(61,35,224,0.36)\u00bb min_height=\u00bb814.4px\u00bb custom_padding=\u00bb23px|||||\u00bb global_colors_info=\u00bb{}\u00bb][et_pb_row column_structure=\u00bb1_2,1_2&#8243; _builder_version=\u00bb4.16&#8243; global_colors_info=\u00bb{}\u00bb][et_pb_column type=\u00bb1_2&#8243; _builder_version=\u00bb4.16&#8243; custom_padding=\u00bb|||\u00bb custom_padding_tablet=\u00bb0px|||\u00bb custom_padding_last_edited=\u00bboff|desktop\u00bb global_colors_info=\u00bb{}\u00bb padding_tablet=\u00bb0px|||\u00bb padding_last_edited=\u00bboff|desktop\u00bb custom_padding__hover=\u00bb|||\u00bb][et_pb_text _builder_version=\u00bb4.16&#8243; text_font=\u00bb||||||||\u00bb text_font_size=\u00bb16px\u00bb text_line_height=\u00bb2em\u00bb header_font=\u00bb||||||||\u00bb header_2_font=\u00bb||||||||\u00bb header_3_font=\u00bbMontserrat||||||||\u00bb header_3_line_height=\u00bb1.4em\u00bb header_5_font=\u00bb||||||||\u00bb header_5_text_color=\u00bb#7f8dff\u00bb header_5_line_height=\u00bb2em\u00bb max_width=\u00bb700px\u00bb custom_padding=\u00bb||0px|||\u00bb header_2_font_size_phone=\u00bb30px\u00bb header_2_font_size_last_edited=\u00bboff|desktop\u00bb locked=\u00bboff\u00bb global_colors_info=\u00bb{}\u00bb]<\/p>\n<h3><span style=\"color: #000000;\">Mi acercamiento<\/span><\/h3>\n<p><span style=\"color: #000000;\">Mi acercamiento est\u00e1 informado por el estudio de varias especializaciones y un m\u00e1ster, ahora estoy terminando el segundo.  <br \/><\/span><\/p>\n<p><span style=\"color: #000000;\">A la derecha he reflejado la formaci\u00f3n que me ha parecido relevante, pero existen otras formaciones tan acad\u00e9micas como a partir del estudio autodidacta del trauma, los v\u00ednculos, las violencias estructurales, etc. que tambi\u00e9n han tenido mucho peso en mi recorrido. <\/span><span style=\"color: #000000;\"><\/span><\/p>\n<p><span style=\"color: #000000;\">Estoy en constante formaci\u00f3n y recibo supervisi\u00f3n como terapeuta para resolver dudas cuando las tengo, con un equipo con mucho recorrido profesional.<\/span><\/p>\n<p><span style=\"color: #000000;\">Yo misma tengo experiencia como persona que recibe terapia, por lo que s\u00e9 lo que es estar al otro lado.<\/span><\/p>\n<p>&nbsp;<\/p>\n<p>&nbsp;<\/p>\n<p>[\/et_pb_text][\/et_pb_column][et_pb_column type=\u00bb1_2&#8243; _builder_version=\u00bb4.16&#8243; custom_padding=\u00bb|||\u00bb custom_padding_tablet=\u00bb0px|||\u00bb custom_padding_last_edited=\u00bboff|desktop\u00bb global_colors_info=\u00bb{}\u00bb padding_tablet=\u00bb0px|||\u00bb padding_last_edited=\u00bboff|desktop\u00bb custom_padding__hover=\u00bb|||\u00bb][et_pb_text ul_position=\u00bbinside\u00bb _builder_version=\u00bb4.16&#8243; text_font=\u00bb||||||||\u00bb text_font_size=\u00bb16px\u00bb text_line_height=\u00bb2em\u00bb ul_font=\u00bb||||||||\u00bb ul_line_height=\u00bb2em\u00bb ol_font=\u00bb||||||||\u00bb header_font=\u00bb||||||||\u00bb header_2_font=\u00bb||||||||\u00bb header_3_font=\u00bbMontserrat||||||||\u00bb header_3_line_height=\u00bb1.4em\u00bb header_4_font=\u00bbMontserrat||||||||\u00bb header_4_line_height=\u00bb1.8em\u00bb header_5_font=\u00bb||||||||\u00bb header_5_text_color=\u00bb#7f8dff\u00bb header_5_line_height=\u00bb2em\u00bb max_width=\u00bb700px\u00bb header_2_font_size_phone=\u00bb30px\u00bb header_2_font_size_last_edited=\u00bboff|desktop\u00bb locked=\u00bboff\u00bb global_colors_info=\u00bb{}\u00bb]<\/p>\n<p><strong><span style=\"color: #000000;\">Mi experiencia<\/span><\/strong><\/p>\n<h4><\/h4>\n<ul>\n<li><span style=\"color: #000000;\">Acompa\u00f1amiento grupal con di\u00e1logos abiertos, en consulta privada<br \/><\/span><\/li>\n<li><span style=\"color: #000000;\">Arterapia para particulares, grupos e instituciones<\/span><\/li>\n<li><span style=\"color: #000000;\">Acompa\u00f1amiento individual<\/span><\/li>\n<\/ul>\n<h4><span style=\"color: #000000;\">Qu\u00e9 he estudiado<\/span><\/h4>\n<ul>\n<li><span style=\"color: #000000;\">Licenciada en Psicolog\u00eda por la Universidad de Girona<\/span><\/li>\n<li><span style=\"color: #000000;\">Especialista Universitario en los Fundamentos de la Pr\u00e1ctica de Di\u00e1logos Abiertos en Salud Mental (Universidad de Almer\u00eda)<\/span><\/li>\n<li><span style=\"color: #000000;\">M\u00e1ster Integrativo en Arterapia por Grefart (Universidad de Girona)<\/span><\/li>\n<li><span style=\"color: #000000;\">Contracurso de psicopatolog\u00eda cl\u00ednica e intervenci\u00f3n comunitaria (AEN-cat F.Colina y L.Mart\u00edn)<\/span><\/li>\n<li><span style=\"color: #000000;\">Formaciones dentro del curso de capacitaci\u00f3n en la atenci\u00f3n integral a v\u00edctimas de tortura y otras violaciones de los derechos humanos <span style=\"font-weight: normal;\">(Exil Barcelona)<\/span> <\/span>\n<p lang=\"es-ES\" style=\"margin-bottom: 0cm; font-weight: normal;\">\n<\/li>\n<li><span style=\"color: #000000;\">He cursado el Postgrado en Salud mental en situaciones de violencia pol\u00edtica y cat\u00e1strofes (Grupo de Acci\u00f3n Comunitaria)<\/span><\/li>\n<li><span style=\"color: #000000;\">Curso Consent and leadership, consentimiento y gesti\u00f3n de espacios o grupos (Consent Academy, Seattle )<\/span><\/li>\n<li><span style=\"color: #000000;\">Curso Universitario en Trastorno Obsesivo Compulsivo Tech Institute<\/span><\/li>\n<li><span style=\"color: #000000;\">Asistencia a formaciones dentro del Curso especialista en Nuevas Intervenciones en Psicosis de \u00cdtaca Formaci\u00f3n, (no completado)<\/span><\/li>\n<\/ul>\n<p>[\/et_pb_text][\/et_pb_column][\/et_pb_row][\/et_pb_section][et_pb_section fb_built=\u00bb1&#8243; admin_label=\u00bbAbout Me\u00bb _builder_version=\u00bb4.16&#8243; min_height=\u00bb794.3px\u00bb global_colors_info=\u00bb{}\u00bb][et_pb_row column_structure=\u00bb1_4,3_4&#8243; use_custom_gutter=\u00bbon\u00bb padding_top_bottom_link_2=\u00bbtrue\u00bb padding_left_right_link_2=\u00bbtrue\u00bb _builder_version=\u00bb4.16&#8243; max_width=\u00bb80%\u00bb custom_margin=\u00bb|0px||\u00bb custom_margin_tablet=\u00bb|10%||10%||true\u00bb custom_margin_phone=\u00bb\u00bb custom_margin_last_edited=\u00bbon|tablet\u00bb custom_padding=\u00bb100px|0px|0|0px|false|false\u00bb use_custom_width=\u00bbon\u00bb width_unit=\u00bboff\u00bb global_colors_info=\u00bb{}\u00bb][et_pb_column type=\u00bb1_4&#8243; _builder_version=\u00bb4.16&#8243; custom_padding=\u00bb|||\u00bb global_colors_info=\u00bb{}\u00bb custom_padding__hover=\u00bb|||\u00bb][et_pb_image src=\u00bbhttps:\/\/eixerim.com\/wp-content\/uploads\/2025\/05\/photo_2025-05-24_00-28-26.jpg\u00bb title_text=\u00bbphoto_2025-05-24_00-28-26&#8243; align_tablet=\u00bbcenter\u00bb align_phone=\u00bbcenter\u00bb align_last_edited=\u00bbon|desktop\u00bb _builder_version=\u00bb4.27.4&#8243; custom_margin=\u00bb-60px|-50%||\u00bb custom_margin_tablet=\u00bb|0%||\u00bb custom_margin_phone=\u00bb\u00bb custom_margin_last_edited=\u00bbon|tablet\u00bb animation_style=\u00bbslide\u00bb animation_direction=\u00bbright\u00bb animation_intensity_slide=\u00bb5%\u00bb hover_enabled=\u00bb0&#8243; global_colors_info=\u00bb{}\u00bb sticky_enabled=\u00bb0&#8243;][\/et_pb_image][\/et_pb_column][et_pb_column type=\u00bb3_4&#8243; _builder_version=\u00bb4.16&#8243; background_color=\u00bb#f7f9fc\u00bb custom_padding=\u00bb40px|60px|40px|60px\u00bb custom_padding_tablet=\u00bb40px|60px|40px|60px\u00bb custom_padding_phone=\u00bb|40px||40px||true\u00bb custom_padding_last_edited=\u00bbon|phone\u00bb global_colors_info=\u00bb{}\u00bb padding_phone=\u00bb|40px||40px||true\u00bb padding_last_edited=\u00bbon|phone\u00bb custom_padding__hover=\u00bb|||\u00bb][et_pb_text _builder_version=\u00bb4.27.4&#8243; text_font=\u00bb||||||||\u00bb text_font_size=\u00bb16px\u00bb text_line_height=\u00bb2em\u00bb header_font=\u00bb||||||||\u00bb header_2_font=\u00bbMontserrat|300|||||||\u00bb header_2_font_size=\u00bb40px\u00bb header_2_line_height=\u00bb1.4em\u00bb header_5_font=\u00bb||||||||\u00bb header_5_text_color=\u00bb#7f8dff\u00bb header_5_line_height=\u00bb2em\u00bb max_width=\u00bb700px\u00bb header_2_font_size_tablet=\u00bb\u00bb header_2_font_size_phone=\u00bb30px\u00bb header_2_font_size_last_edited=\u00bbon|phone\u00bb locked=\u00bboff\u00bb global_colors_info=\u00bb{}\u00bb]<\/p>\n<h2>\u00a1Hola! Soy Nat<\/h2>\n<h5><\/h5>\n<p>Desde peque\u00f1a he encontrado una forma muy especial de expresarme a trav\u00e9s del arte y la escritura. Un espacio propio de creaci\u00f3n desde lo que soy yo y tambi\u00e9n de relacionarme.<\/p>\n<p>Siempre he tenido una gran curiosidad por entenderme a m\u00ed ya las personas a mi alrededor. Tambi\u00e9n he sido una \u00e1vida lectora desde muy peque\u00f1a y aunque lo que me apasionaban eran las historias o novelas, hab\u00eda encontrado estimulantes los libros sobre psicolog\u00eda, pedagog\u00eda, antropolog\u00eda, etc.<\/p>\n<p>A los 14 a\u00f1os ya sab\u00eda que quer\u00eda estudiar psicolog\u00eda y seguidamente hice el bachillerato art\u00edstico con la idea de estudiar arterapia despu\u00e9s. Me encontraba enamorada del arte como una forma de conectarme con el mundo a trav\u00e9s del dibujo y tambi\u00e9n de los murales.<\/p>\n<p>Conforme han pasado los a\u00f1os, la parte comunitaria o grupal ha desempe\u00f1ado un papel m\u00e1s importante en mi forma de proponer soluciones a problemas compartidos y como una forma de crear y sostener proyectos vitales apasionantes. He pasado muchas horas en proyectos colectivos y de activismo.<\/p>\n<p>Pienso que de una forma u otra, muchas personas compartimos experiencias similares, pero a veces sin acompa\u00f1amiento o recursos (materiales a veces), hay situaciones que nos sobrepasan emocionalmente.<\/p>\n<p>A pesar de lo que he explicado sobre mi inter\u00e9s y acceso a la informaci\u00f3n y la creaci\u00f3n, he crecido en un contexto complicado. M\u00e1s adelante, en mi primera etapa joven, en ocasiones importantes, no ped\u00ed ayuda adecuada en situaciones que me sobrepasaban. Me ser\u00eda f\u00e1cil decir que era por la falta de recursos econ\u00f3micos propios, pero fue por verg\u00fcenza o miedo a pedir ayuda y a que se me viera como d\u00e9bil o inestable. Si est\u00e1s en un momento de crisis, dale importancia y comp\u00e1rtelo con las personas que te generen confianza. Y si quieres probar con algunas de las opciones que ofrezco preg\u00fantame.<\/p>\n<p>[\/et_pb_text][\/et_pb_column][\/et_pb_row][\/et_pb_section][et_pb_section fb_built=\u00bb1&#8243; admin_label=\u00bbFooter\u00bb _builder_version=\u00bb4.16&#8243; global_colors_info=\u00bb{}\u00bb][et_pb_row _builder_version=\u00bb4.16&#8243; locked=\u00bboff\u00bb global_colors_info=\u00bb{}\u00bb][et_pb_column type=\u00bb4_4&#8243; _builder_version=\u00bb4.16&#8243; custom_padding=\u00bb|||\u00bb global_colors_info=\u00bb{}\u00bb custom_padding__hover=\u00bb|||\u00bb][et_pb_text _builder_version=\u00bb4.27.2&#8243; text_font=\u00bb||||||||\u00bb text_font_size=\u00bb16px\u00bb text_line_height=\u00bb2em\u00bb header_font=\u00bb||||||||\u00bb header_2_font=\u00bbMontserrat|300|||||||\u00bb header_2_font_size=\u00bb40px\u00bb header_2_line_height=\u00bb1.4em\u00bb header_5_font=\u00bb||||||||\u00bb header_5_text_color=\u00bb#7f8dff\u00bb header_5_line_height=\u00bb2em\u00bb text_orientation=\u00bbcenter\u00bb max_width=\u00bb700px\u00bb module_alignment=\u00bbcenter\u00bb custom_padding=\u00bb||0px|||\u00bb header_2_font_size_tablet=\u00bb\u00bb header_2_font_size_phone=\u00bb30px\u00bb header_2_font_size_last_edited=\u00bbon|phone\u00bb locked=\u00bboff\u00bb global_colors_info=\u00bb{}\u00bb]<\/p>\n<h2>Cont\u00e1ctame<\/h2>\n<p>Para hacerme cualquier pregunta escr\u00edbeme en el e-mail<\/p>\n<p>[\/et_pb_text][\/et_pb_column][\/et_pb_row][et_pb_row column_structure=\u00bb2_3,1_3&#8243; _builder_version=\u00bb4.16&#8243; global_colors_info=\u00bb{}\u00bb][et_pb_column type=\u00bb2_3&#8243; _builder_version=\u00bb4.16&#8243; custom_padding=\u00bb|||\u00bb global_colors_info=\u00bb{}\u00bb custom_padding__hover=\u00bb|||\u00bb][et_pb_contact_form _builder_version=\u00bb4.27.4&#8243; _module_preset=\u00bbdefault\u00bb _unique_id=\u00bb39b8e103-f596-465d-9c31-bb211193bc34&#8243; global_colors_info=\u00bb{}\u00bb][et_pb_contact_field field_id=\u00bbName\u00bb field_title=\u00bbNombre\u00bb _builder_version=\u00bb4.16&#8243; global_colors_info=\u00bb{}\u00bb button_text_size__hover_enabled=\u00bboff\u00bb button_one_text_size__hover_enabled=\u00bboff\u00bb button_two_text_size__hover_enabled=\u00bboff\u00bb button_text_color__hover_enabled=\u00bboff\u00bb button_one_text_color__hover_enabled=\u00bboff\u00bb button_two_text_color__hover_enabled=\u00bboff\u00bb button_border_width__hover_enabled=\u00bboff\u00bb button_one_border_width__hover_enabled=\u00bboff\u00bb button_two_border_width__hover_enabled=\u00bboff\u00bb button_border_color__hover_enabled=\u00bboff\u00bb button_one_border_color__hover_enabled=\u00bboff\u00bb button_two_border_color__hover_enabled=\u00bboff\u00bb button_border_radius__hover_enabled=\u00bboff\u00bb button_one_border_radius__hover_enabled=\u00bboff\u00bb button_two_border_radius__hover_enabled=\u00bboff\u00bb button_letter_spacing__hover_enabled=\u00bboff\u00bb button_one_letter_spacing__hover_enabled=\u00bboff\u00bb button_two_letter_spacing__hover_enabled=\u00bboff\u00bb button_bg_color__hover_enabled=\u00bboff\u00bb button_one_bg_color__hover_enabled=\u00bboff\u00bb button_two_bg_color__hover_enabled=\u00bboff\u00bb][\/et_pb_contact_field][et_pb_contact_field field_id=\u00bbEmail\u00bb field_title=\u00bbDirecci\u00f3n de correo electr\u00f3nico\u00bb field_type=\u00bbemail\u00bb _builder_version=\u00bb4.16&#8243; global_colors_info=\u00bb{}\u00bb button_text_size__hover_enabled=\u00bboff\u00bb button_one_text_size__hover_enabled=\u00bboff\u00bb button_two_text_size__hover_enabled=\u00bboff\u00bb button_text_color__hover_enabled=\u00bboff\u00bb button_one_text_color__hover_enabled=\u00bboff\u00bb button_two_text_color__hover_enabled=\u00bboff\u00bb button_border_width__hover_enabled=\u00bboff\u00bb button_one_border_width__hover_enabled=\u00bboff\u00bb button_two_border_width__hover_enabled=\u00bboff\u00bb button_border_color__hover_enabled=\u00bboff\u00bb button_one_border_color__hover_enabled=\u00bboff\u00bb button_two_border_color__hover_enabled=\u00bboff\u00bb button_border_radius__hover_enabled=\u00bboff\u00bb button_one_border_radius__hover_enabled=\u00bboff\u00bb button_two_border_radius__hover_enabled=\u00bboff\u00bb button_letter_spacing__hover_enabled=\u00bboff\u00bb button_one_letter_spacing__hover_enabled=\u00bboff\u00bb button_two_letter_spacing__hover_enabled=\u00bboff\u00bb button_bg_color__hover_enabled=\u00bboff\u00bb button_one_bg_color__hover_enabled=\u00bboff\u00bb button_two_bg_color__hover_enabled=\u00bboff\u00bb][\/et_pb_contact_field][et_pb_contact_field field_id=\u00bbMessage\u00bb field_title=\u00bbMensaje\u00bb field_type=\u00bbtext\u00bb fullwidth_field=\u00bbon\u00bb _builder_version=\u00bb4.16&#8243; global_colors_info=\u00bb{}\u00bb button_text_size__hover_enabled=\u00bboff\u00bb button_one_text_size__hover_enabled=\u00bboff\u00bb button_two_text_size__hover_enabled=\u00bboff\u00bb button_text_color__hover_enabled=\u00bboff\u00bb button_one_text_color__hover_enabled=\u00bboff\u00bb button_two_text_color__hover_enabled=\u00bboff\u00bb button_border_width__hover_enabled=\u00bboff\u00bb button_one_border_width__hover_enabled=\u00bboff\u00bb button_two_border_width__hover_enabled=\u00bboff\u00bb button_border_color__hover_enabled=\u00bboff\u00bb button_one_border_color__hover_enabled=\u00bboff\u00bb button_two_border_color__hover_enabled=\u00bboff\u00bb button_border_radius__hover_enabled=\u00bboff\u00bb button_one_border_radius__hover_enabled=\u00bboff\u00bb button_two_border_radius__hover_enabled=\u00bboff\u00bb button_letter_spacing__hover_enabled=\u00bboff\u00bb button_one_letter_spacing__hover_enabled=\u00bboff\u00bb button_two_letter_spacing__hover_enabled=\u00bboff\u00bb button_bg_color__hover_enabled=\u00bboff\u00bb button_one_bg_color__hover_enabled=\u00bboff\u00bb button_two_bg_color__hover_enabled=\u00bboff\u00bb][\/et_pb_contact_field][\/et_pb_contact_form][\/et_pb_column][et_pb_column type=\u00bb1_3&#8243; _builder_version=\u00bb4.16&#8243; custom_padding=\u00bb|||\u00bb global_colors_info=\u00bb{}\u00bb custom_padding__hover=\u00bb|||\u00bb][et_pb_blurb use_icon=\u00bbon\u00bb font_icon=\u00bb&#xe090;||divi||400&#8243; icon_color=\u00bb#7f8dff\u00bb icon_placement=\u00bbleft\u00bb image_icon_width=\u00bb24px\u00bb content_max_width=\u00bb1100px\u00bb _builder_version=\u00bb4.27.2&#8243; header_font=\u00bbMontserrat||||||||\u00bb header_font_size=\u00bb16px\u00bb header_line_height=\u00bb1.4em\u00bb text_orientation=\u00bbcenter\u00bb icon_font_size=\u00bb24px\u00bb locked=\u00bboff\u00bb global_colors_info=\u00bb{}\u00bb][\/et_pb_blurb][et_pb_blurb title=\u00bbBarcelona\u00bb use_icon=\u00bbon\u00bb font_icon=\u00bb&#xe081;||divi||400&#8243; icon_color=\u00bb#7f8dff\u00bb icon_placement=\u00bbleft\u00bb image_icon_width=\u00bb24px\u00bb content_max_width=\u00bb1100px\u00bb _builder_version=\u00bb4.27.2&#8243; header_font=\u00bbMontserrat||||||||\u00bb header_font_size=\u00bb16px\u00bb header_line_height=\u00bb1.4em\u00bb text_orientation=\u00bbcenter\u00bb icon_font_size=\u00bb24px\u00bb locked=\u00bboff\u00bb global_colors_info=\u00bb{}\u00bb][\/et_pb_blurb][et_pb_blurb title=\u00bbnatbcndaart@pm.me\u00bb use_icon=\u00bbon\u00bb font_icon=\u00bb&#xe076;||divi||400&#8243; icon_color=\u00bb#7f8dff\u00bb icon_placement=\u00bbleft\u00bb image_icon_width=\u00bb24px\u00bb content_max_width=\u00bb1100px\u00bb _builder_version=\u00bb4.27.2&#8243; header_font=\u00bbMontserrat||||||||\u00bb header_font_size=\u00bb16px\u00bb header_line_height=\u00bb1.4em\u00bb text_orientation=\u00bbcenter\u00bb icon_font_size=\u00bb24px\u00bb locked=\u00bboff\u00bb global_colors_info=\u00bb{}\u00bb][\/et_pb_blurb][\/et_pb_column][\/et_pb_row][\/et_pb_section]<\/p>\n","protected":false},"excerpt":{"rendered":"<p>Acerca de m\u00ed &nbsp;Mi acercamiento Mi acercamiento est\u00e1 informado por el estudio de varias especializaciones y un m\u00e1ster, ahora estoy terminando el segundo. A la derecha he reflejado la formaci\u00f3n que me ha parecido relevante, pero existen otras formaciones tan acad\u00e9micas como a partir del estudio autodidacta del trauma, los v\u00ednculos, las violencias estructurales, etc. [&hellip;]<\/p>\n","protected":false},"author":1,"featured_media":0,"parent":0,"menu_order":0,"comment_status":"closed","ping_status":"closed","template":"","meta":{"_et_pb_use_builder":"on","_et_pb_old_content":"","_et_gb_content_width":"","_uag_custom_page_level_css":"","footnotes":""},"class_list":["post-1152","page","type-page","status-publish","hentry"],"aioseo_notices":[],"uagb_featured_image_src":{"full":false,"thumbnail":false,"medium":false,"medium_large":false,"large":false,"1536x1536":false,"2048x2048":false,"et-pb-post-main-image":false,"et-pb-post-main-image-fullwidth":false,"et-pb-portfolio-image":false,"et-pb-portfolio-module-image":false,"et-pb-portfolio-image-single":false,"et-pb-gallery-module-image-portrait":false,"et-pb-post-main-image-fullwidth-large":false,"et-pb-image--responsive--desktop":false,"et-pb-image--responsive--tablet":false,"et-pb-image--responsive--phone":false},"uagb_author_info":{"display_name":"hostinger.uncapped407@passmail.net","author_link":"https:\/\/eixerim.com\/es\/author\/hostinger-uncapped407passmail-net\/"},"uagb_comment_info":0,"uagb_excerpt":"Acerca de m\u00ed &nbsp;Mi acercamiento Mi acercamiento est\u00e1 informado por el estudio de varias especializaciones y un m\u00e1ster, ahora estoy terminando el segundo. A la derecha he reflejado la formaci\u00f3n que me ha parecido relevante, pero existen otras formaciones tan acad\u00e9micas como a partir del estudio autodidacta del trauma, los v\u00ednculos, las violencias estructurales, etc.&hellip;","_links":{"self":[{"href":"https:\/\/eixerim.com\/es\/wp-json\/wp\/v2\/pages\/1152","targetHints":{"allow":["GET"]}}],"collection":[{"href":"https:\/\/eixerim.com\/es\/wp-json\/wp\/v2\/pages"}],"about":[{"href":"https:\/\/eixerim.com\/es\/wp-json\/wp\/v2\/types\/page"}],"author":[{"embeddable":true,"href":"https:\/\/eixerim.com\/es\/wp-json\/wp\/v2\/users\/1"}],"replies":[{"embeddable":true,"href":"https:\/\/eixerim.com\/es\/wp-json\/wp\/v2\/comments?post=1152"}],"version-history":[{"count":16,"href":"https:\/\/eixerim.com\/es\/wp-json\/wp\/v2\/pages\/1152\/revisions"}],"predecessor-version":[{"id":1316,"href":"https:\/\/eixerim.com\/es\/wp-json\/wp\/v2\/pages\/1152\/revisions\/1316"}],"wp:attachment":[{"href":"https:\/\/eixerim.com\/es\/wp-json\/wp\/v2\/media?parent=1152"}],"curies":[{"name":"wp","href":"https:\/\/api.w.org\/{rel}","templated":true}]}}